{"id":1343,"date":"2024-12-03T22:58:17","date_gmt":"2024-12-03T22:58:17","guid":{"rendered":"https:\/\/pearlswholesaler.com\/?post_type=product&#038;p=1343"},"modified":"2024-12-15T12:29:33","modified_gmt":"2024-12-15T12:29:33","slug":"4-4-5mm-white-round-pearl-strands-a1","status":"publish","type":"product","link":"https:\/\/www.pearlswholesaler.com\/de\/product\/4-4-5mm-white-round-pearl-strands-a1\/","title":{"rendered":"4-4,5mm wei\u00dfe runde S\u00fc\u00dfwasserperlenketten, A1++-Qualit\u00e4t, 16 Zoll"},"content":{"rendered":"<p>Behalten Sie unsere atemberaubenden wei\u00dfen Rundperlen aus S\u00fc\u00dfwasser mit 4-4,5 mm Durchmesser auf 16 Zoll Perlenschnur, die kunstvoll in der elegantesten Weise angeordnet sind, 4-4,5 mm. Alle Perlen sind vollst\u00e4ndig A1++, was gute Qualit\u00e4t mit viel Glanz und winzigen Oberfl\u00e4chenfehlern bedeutet.<\/p>\n<p><img loading=\"lazy\" decoding=\"async\" class=\"size-full wp-image-1345 aligncenter\" src=\"https:\/\/pearlswholesaler.com\/wp-content\/uploads\/2024\/12\/281729496485_.pic_hd.jpg\" alt=\"4-4,5mm wei\u00dfe runde S\u00fc\u00dfwasserperlenketten, A1++-Qualit\u00e4t, 16 Zoll\" width=\"1000\" height=\"1000\" title=\"\" srcset=\"https:\/\/www.pearlswholesaler.com\/wp-content\/uploads\/2024\/12\/281729496485_.pic_hd.jpg 1000w, https:\/\/www.pearlswholesaler.com\/wp-content\/uploads\/2024\/12\/281729496485_.pic_hd-300x300.jpg 300w, https:\/\/www.pearlswholesaler.com\/wp-content\/uploads\/2024\/12\/281729496485_.pic_hd-150x150.jpg 150w, https:\/\/www.pearlswholesaler.com\/wp-content\/uploads\/2024\/12\/281729496485_.pic_hd-768x768.jpg 768w, https:\/\/www.pearlswholesaler.com\/wp-content\/uploads\/2024\/12\/281729496485_.pic_hd-600x600.jpg 600w, https:\/\/www.pearlswholesaler.com\/wp-content\/uploads\/2024\/12\/281729496485_.pic_hd-100x100.jpg 100w\" sizes=\"auto, (max-width: 1000px) 100vw, 1000px\" \/><\/p>\n<p>Farfetch hat diese Perlen sorgf\u00e4ltig wegen ihrer geringen Oberfl\u00e4chenunregelm\u00e4\u00dfigkeit, Rundheit und einheitlichen Gr\u00f6\u00dfe ausgew\u00e4hlt, um einen stilvollen Look zu bewahren. Das perfekte St\u00fcck, um dieses klassische Perlenarmband auf- oder abzumachen, besitzt eine Eleganz, die nur wenige Accessoires haben.. Jeder Perlenliebhaber wird diese Halskette so sehr lieben, dass sie zu einem Familienerbst\u00fcck wird!!!<\/p>\n<ul>\n<li>Verpackung: Polybeutel \/ Schmuckbeutel \/ Schmuckschatulle<\/li>\n<li>Lieferzeit: 3-10 Werktage<\/li>\n<li>Versand: DHL\/Fedex\/UPS\/EMS<\/li>\n<li>Zahlungsbedingungen: Bank\u00fcberweisung PayPal\/ Western Union\/Alipay\/TT;<\/li>\n<li>Zahlungsbedingungen: EXW, FOB Shanghai; Der K\u00e4ufer ist f\u00fcr die Versandkosten verantwortlich<\/li>\n<\/ul>","protected":false},"excerpt":{"rendered":"<ul>\n<li><strong>Perlenqualit\u00e4t<\/strong>: A1++ Bewertung<\/li>\n<li><strong>Perlengr\u00f6\u00dfe<\/strong>: 4-4.5<\/li>\n<li><strong>Perlenform<\/strong>: Runde<\/li>\n<li><strong>Perlenfarbe<\/strong>: Wei\u00df<\/li>\n<li><strong>L\u00e4nge<\/strong>: 16 Zoll<\/li>\n<li><strong>Verschluss<\/strong>\uff1aAusschluss<\/li>\n<\/ul>","protected":false},"featured_media":1344,"template":"","meta":{"_kad_blocks_custom_css":"","_kad_blocks_head_custom_js":"","_kad_blocks_body_custom_js":"","_kad_blocks_footer_custom_js":"","_kadence_starter_templates_imported_post":false,"_kad_post_transparent":"default","_kad_post_title":"","_kad_post_layout":"default","_kad_post_sidebar_id":"","_kad_post_content_style":"default","_kad_post_vertical_padding":"default","_kad_post_feature":"","_kad_post_feature_position":"","_kad_post_header":false,"_kad_post_footer":false,"_kad_post_classname":"","jetpack_publicize_message":"","jetpack_publicize_feature_enabled":true,"jetpack_social_post_already_shared":false,"jetpack_social_options":{"image_generator_settings":{"template":"highway","default_image_id":0,"font":"","enabled":false},"version":2}},"product_brand":[],"product_cat":[15],"product_tag":[],"class_list":{"0":"post-1343","1":"product","2":"type-product","3":"status-publish","4":"has-post-thumbnail","6":"product_cat-pearl-strands","7":"pa_pearl-color-white-pearl","8":"pa_pearl-shape-round-pearl","9":"pa_pearl-size-4mm","10":"pa_pearl-type-freshwater-pearl","12":"first","13":"instock","14":"shipping-taxable","15":"product-type-simple","16":"entry","17":"content-bg","18":"loop-entry"},"jetpack_publicize_connections":[],"taxonomy_info":{"product_cat":[{"value":15,"label":"Pearl Strand"}],"pa_pearl-color":[{"value":66,"label":"White Pearl"}],"pa_pearl-shape":[{"value":68,"label":"Round Pearl"}],"pa_pearl-size":[{"value":73,"label":"4mm"}],"pa_pearl-type":[{"value":69,"label":"Freshwater Pearl"}]},"featured_image_src_large":["https:\/\/www.pearlswholesaler.com\/wp-content\/uploads\/2024\/12\/271729496484_.pic_hd.jpg",1000,1000,false],"author_info":[],"comment_info":"","_links":{"self":[{"href":"https:\/\/www.pearlswholesaler.com\/de\/wp-json\/wp\/v2\/product\/1343","targetHints":{"allow":["GET"]}}],"collection":[{"href":"https:\/\/www.pearlswholesaler.com\/de\/wp-json\/wp\/v2\/product"}],"about":[{"href":"https:\/\/www.pearlswholesaler.com\/de\/wp-json\/wp\/v2\/types\/product"}],"wp:featuredmedia":[{"embeddable":true,"href":"https:\/\/www.pearlswholesaler.com\/de\/wp-json\/wp\/v2\/media\/1344"}],"wp:attachment":[{"href":"https:\/\/www.pearlswholesaler.com\/de\/wp-json\/wp\/v2\/media?parent=1343"}],"wp:term":[{"taxonomy":"product_brand","embeddable":true,"href":"https:\/\/www.pearlswholesaler.com\/de\/wp-json\/wp\/v2\/product_brand?post=1343"},{"taxonomy":"product_cat","embeddable":true,"href":"https:\/\/www.pearlswholesaler.com\/de\/wp-json\/wp\/v2\/product_cat?post=1343"},{"taxonomy":"product_tag","embeddable":true,"href":"https:\/\/www.pearlswholesaler.com\/de\/wp-json\/wp\/v2\/product_tag?post=1343"}],"curies":[{"name":"wp","href":"https:\/\/api.w.org\/{rel}","templated":true}]}}