{"id":1339,"date":"2024-12-05T22:38:00","date_gmt":"2024-12-05T22:38:00","guid":{"rendered":"https:\/\/pearlswholesaler.com\/?post_type=product&#038;p=1339"},"modified":"2024-12-15T12:34:21","modified_gmt":"2024-12-15T12:34:21","slug":"3-5-4mm-white-round-pearl-strands-4a1","status":"publish","type":"product","link":"https:\/\/www.pearlswholesaler.com\/de\/product\/3-5-4mm-white-round-pearl-strands-4a1\/","title":{"rendered":"3,5-4mm wei\u00dfe runde S\u00fc\u00dfwasserperlenstr\u00e4nge, 4A1+ Qualit\u00e4t, 16 Zoll"},"content":{"rendered":"<p>Die 3,5-4mm wei\u00dfen runden S\u00fc\u00dfwasserperlenketten unseres Sortiments sind ein Beweis f\u00fcr schlichte, zeitlose Sch\u00f6nheit. Diese 16-Zoll-Perlenkette verf\u00fcgt \u00fcber Perlen der Top-Qualit\u00e4t 4A1+ mit einem Hauch nat\u00fcrlicher Wei\u00dfheit und Unvollkommenheit. Die Perlen sind rund und einheitlich, sodass alles gut zusammenpasst.<\/p>\n<p><img loading=\"lazy\" decoding=\"async\" class=\"size-full wp-image-1341 aligncenter\" src=\"https:\/\/pearlswholesaler.com\/wp-content\/uploads\/2024\/12\/261729496201_.pic_hd.jpg\" alt=\"3,5-4mm wei\u00dfe runde S\u00fc\u00dfwasserperlenstr\u00e4nge, 4A1+ Qualit\u00e4t, 16 Zoll\" width=\"1000\" height=\"1000\" title=\"\" srcset=\"https:\/\/www.pearlswholesaler.com\/wp-content\/uploads\/2024\/12\/261729496201_.pic_hd.jpg 1000w, https:\/\/www.pearlswholesaler.com\/wp-content\/uploads\/2024\/12\/261729496201_.pic_hd-300x300.jpg 300w, https:\/\/www.pearlswholesaler.com\/wp-content\/uploads\/2024\/12\/261729496201_.pic_hd-150x150.jpg 150w, https:\/\/www.pearlswholesaler.com\/wp-content\/uploads\/2024\/12\/261729496201_.pic_hd-768x768.jpg 768w, https:\/\/www.pearlswholesaler.com\/wp-content\/uploads\/2024\/12\/261729496201_.pic_hd-600x600.jpg 600w, https:\/\/www.pearlswholesaler.com\/wp-content\/uploads\/2024\/12\/261729496201_.pic_hd-100x100.jpg 100w\" sizes=\"auto, (max-width: 1000px) 100vw, 1000px\" \/><\/p>\n<p>Das ist perfekt f\u00fcr den Alltag bis hin zu besonderen Anl\u00e4ssen, verleiht jedem Outfit eine sch\u00f6ne Schicht klassischer Eleganz. Dies ist die erste Wahl im Alltag sowie ein unverzichtbares St\u00fcck f\u00fcr jeden Schmuckliebhaber, da es sowohl einzeln als auch geschichtet getragen werden kann.<\/p>\n<ul>\n<li>Verpackung: Polybeutel \/ Schmuckbeutel \/ Schmuckschatulle<\/li>\n<li>Lieferzeit: 3-10 Werktage<\/li>\n<li>Versand: DHL\/Fedex\/UPS\/EMS<\/li>\n<li>Zahlungsbedingungen: Bank\u00fcberweisung PayPal\/ Western Union\/Alipay\/TT;<\/li>\n<li>Zahlungsbedingungen: EXW, FOB Shanghai; Der K\u00e4ufer ist f\u00fcr die Versandkosten verantwortlich<\/li>\n<\/ul>","protected":false},"excerpt":{"rendered":"<ul>\n<li><strong>Perlenqualit\u00e4t<\/strong>: 4A1+<\/li>\n<li><strong>Perlengr\u00f6\u00dfe<\/strong>: 3,5-4mm<\/li>\n<li><strong>Perlenform<\/strong>: Runde<\/li>\n<li><strong>Perlenfarbe<\/strong>: Wei\u00df<\/li>\n<li><strong>L\u00e4nge<\/strong>: 16 Zoll<\/li>\n<li><strong>Verschluss<\/strong>\uff1aAusschluss<\/li>\n<\/ul>","protected":false},"featured_media":1340,"template":"","meta":{"_kad_blocks_custom_css":"","_kad_blocks_head_custom_js":"","_kad_blocks_body_custom_js":"","_kad_blocks_footer_custom_js":"","_kadence_starter_templates_imported_post":false,"_kad_post_transparent":"default","_kad_post_title":"","_kad_post_layout":"default","_kad_post_sidebar_id":"","_kad_post_content_style":"default","_kad_post_vertical_padding":"default","_kad_post_feature":"","_kad_post_feature_position":"","_kad_post_header":false,"_kad_post_footer":false,"_kad_post_classname":"","jetpack_publicize_message":"","jetpack_publicize_feature_enabled":true,"jetpack_social_post_already_shared":false,"jetpack_social_options":{"image_generator_settings":{"template":"highway","default_image_id":0,"font":"","enabled":false},"version":2}},"product_brand":[],"product_cat":[15],"product_tag":[],"class_list":{"0":"post-1339","1":"product","2":"type-product","3":"status-publish","4":"has-post-thumbnail","6":"product_cat-pearl-strands","7":"pa_pearl-color-white-pearl","8":"pa_pearl-shape-round-pearl","9":"pa_pearl-size-3mm","10":"pa_pearl-size-4mm","11":"pa_pearl-type-freshwater-pearl","13":"first","14":"instock","15":"shipping-taxable","16":"product-type-simple","17":"entry","18":"content-bg","19":"loop-entry"},"jetpack_publicize_connections":[],"taxonomy_info":{"product_cat":[{"value":15,"label":"Pearl Strand"}],"pa_pearl-color":[{"value":66,"label":"White Pearl"}],"pa_pearl-shape":[{"value":68,"label":"Round Pearl"}],"pa_pearl-size":[{"value":72,"label":"3mm"},{"value":73,"label":"4mm"}],"pa_pearl-type":[{"value":69,"label":"Freshwater Pearl"}]},"featured_image_src_large":["https:\/\/www.pearlswholesaler.com\/wp-content\/uploads\/2024\/12\/251729496072_.pic_hd.jpg",1000,1000,false],"author_info":[],"comment_info":"","_links":{"self":[{"href":"https:\/\/www.pearlswholesaler.com\/de\/wp-json\/wp\/v2\/product\/1339","targetHints":{"allow":["GET"]}}],"collection":[{"href":"https:\/\/www.pearlswholesaler.com\/de\/wp-json\/wp\/v2\/product"}],"about":[{"href":"https:\/\/www.pearlswholesaler.com\/de\/wp-json\/wp\/v2\/types\/product"}],"wp:featuredmedia":[{"embeddable":true,"href":"https:\/\/www.pearlswholesaler.com\/de\/wp-json\/wp\/v2\/media\/1340"}],"wp:attachment":[{"href":"https:\/\/www.pearlswholesaler.com\/de\/wp-json\/wp\/v2\/media?parent=1339"}],"wp:term":[{"taxonomy":"product_brand","embeddable":true,"href":"https:\/\/www.pearlswholesaler.com\/de\/wp-json\/wp\/v2\/product_brand?post=1339"},{"taxonomy":"product_cat","embeddable":true,"href":"https:\/\/www.pearlswholesaler.com\/de\/wp-json\/wp\/v2\/product_cat?post=1339"},{"taxonomy":"product_tag","embeddable":true,"href":"https:\/\/www.pearlswholesaler.com\/de\/wp-json\/wp\/v2\/product_tag?post=1339"}],"curies":[{"name":"wp","href":"https:\/\/api.w.org\/{rel}","templated":true}]}}