{"id":1307,"date":"2024-12-03T02:07:32","date_gmt":"2024-12-03T02:07:32","guid":{"rendered":"https:\/\/pearlswholesaler.com\/?post_type=product&#038;p=1307"},"modified":"2025-08-07T07:28:40","modified_gmt":"2025-08-07T07:28:40","slug":"2-5-3mm-white-round-freshwater-pearl-strands-5a","status":"publish","type":"product","link":"https:\/\/www.pearlswholesaler.com\/de\/product\/2-5-3mm-white-round-freshwater-pearl-strands-5a\/","title":{"rendered":"2,5-3mm wei\u00dfe runde S\u00fc\u00dfwasserperlenstr\u00e4nge, 5A1++ Qualit\u00e4t, 16 Zoll"},"content":{"rendered":"<p><span id=\"input-sentence~0\">Unsere Gro\u00dfhandelskollektion von 2,5-3mm wei\u00dfen runden S\u00fc\u00dfwasserperlenketten er\u00f6ffnet eine ganz neue Welt der Designm\u00f6glichkeiten.<\/span> <span id=\"input-sentence~1\">Dies sind nicht nur Perlen; sie sind schimmernde Edelsteine von 5A1++ Qualit\u00e4t, mit au\u00dfergew\u00f6hnlichem Glanz und einer perfekt runden Form, die jedes Schmuckst\u00fcck aufwertet.<\/span> <span id=\"input-sentence~2\">Jede 16-Zoll-Kette ist eine leere Leinwand f\u00fcr Ihre Kreativit\u00e4t.<\/span> <span id=\"input-sentence~3\">Denken Sie an sch\u00f6ne Halsketten, zarte Armb\u00e4nder und andere ma\u00dfgeschneiderte Artikel, die Ihre Kunden lieben werden.<\/span> <span id=\"input-sentence~4\">Diese wundersch\u00f6nen Perlenketten werden Ihr Inventar verbessern und Ihnen Ideen f\u00fcr neue Designs geben!<\/span><\/p>\n<p><img loading=\"lazy\" decoding=\"async\" class=\"size-full wp-image-1331 aligncenter\" src=\"https:\/\/pearlswholesaler.com\/wp-content\/uploads\/2024\/12\/221729495786_.pic_hd.jpg\" alt=\"2,5-3mm wei\u00dfe runde S\u00fc\u00dfwasserperlenstr\u00e4nge, 5A1++ Qualit\u00e4t, 16 Zoll\" width=\"1000\" height=\"1000\" title=\"\" srcset=\"https:\/\/www.pearlswholesaler.com\/wp-content\/uploads\/2024\/12\/221729495786_.pic_hd.jpg 1000w, https:\/\/www.pearlswholesaler.com\/wp-content\/uploads\/2024\/12\/221729495786_.pic_hd-300x300.jpg 300w, https:\/\/www.pearlswholesaler.com\/wp-content\/uploads\/2024\/12\/221729495786_.pic_hd-150x150.jpg 150w, https:\/\/www.pearlswholesaler.com\/wp-content\/uploads\/2024\/12\/221729495786_.pic_hd-768x768.jpg 768w, https:\/\/www.pearlswholesaler.com\/wp-content\/uploads\/2024\/12\/221729495786_.pic_hd-600x600.jpg 600w, https:\/\/www.pearlswholesaler.com\/wp-content\/uploads\/2024\/12\/221729495786_.pic_hd-100x100.jpg 100w\" sizes=\"auto, (max-width: 1000px) 100vw, 1000px\" \/><\/p>\n<p><span id=\"input-sentence~5\">Diese sch\u00f6nen wei\u00dfen Perlenketten sind eine klassische Erg\u00e4nzung jeder Schmuckkollektion und werden immer im Trend sein.<\/span> <span id=\"input-sentence~6\">Da sie nat\u00fcrlich elegant sind, k\u00f6nnen sie zu vielen verschiedenen Stilen und Anl\u00e4ssen getragen werden.<\/span> <span id=\"input-sentence~7\">Verschl\u00fcsse sind absichtlich nicht enthalten, damit Sie Ihre Kreationen genau nach Ihren W\u00fcnschen gestalten k\u00f6nnen.<\/span> <span id=\"input-sentence~8\">Als Schmuckdesigner werden Sie die Freiheit lieben, kreativ zu sein.<\/span> <span id=\"input-sentence~9\">Als Ladenbesitzer werden Sie die Chance sch\u00e4tzen, ma\u00dfgeschneiderte St\u00fccke zu erstellen, die den Bed\u00fcrfnissen Ihrer Kunden entsprechen.<\/span> <span id=\"input-sentence~10\">Verpassen Sie nicht die Gelegenheit, diese sch\u00f6nen Perlen zu Ihrer Sammlung hinzuzuf\u00fcgen!<\/span> <span id=\"input-sentence~11\">Sie werden den Wert Ihres Inventars steigern und w\u00e4hlerische K\u00e4ufer anziehen.<\/span><\/p>\n<p>Neben unserer langj\u00e4hrigen Erfahrung in der Perlenbranche \u2014 seit \u00fcber 20 Jahren auf Bestellung \u2014 sind sie auch ein Beweis daf\u00fcr, dass alle Produkte aus Quellen stammen, die wir frisch liefern.<\/p>\n<ul>\n<li>Verpackung: Polybeutel \/ Schmuckbeutel \/ Schmuckschatulle<\/li>\n<li>Lieferzeit: 3-10 Werktage<\/li>\n<li>Versand: DHL\/Fedex\/UPS\/EMS<\/li>\n<li>Zahlungsbedingungen: Bank\u00fcberweisung PayPal\/ Western Union\/Alipay\/TT;<\/li>\n<li>Zahlungsbedingungen: EXW, FOB Shanghai; Der K\u00e4ufer ist f\u00fcr die Versandkosten verantwortlich<\/li>\n<\/ul>","protected":false},"excerpt":{"rendered":"<ul>\n<li><strong>Perlenqualit\u00e4t<\/strong>: 5A1++ Note<\/li>\n<li><strong>Perlengr\u00f6\u00dfe<\/strong>: 2,5-3mm<\/li>\n<li><strong>Perlenform<\/strong>: Runde<\/li>\n<li><strong>Perlenfarbe<\/strong>: Wei\u00df<\/li>\n<li><strong>L\u00e4nge<\/strong>: 16 Zoll<\/li>\n<li><strong>Verschluss<\/strong>\uff1aAusschluss<\/li>\n<\/ul>","protected":false},"featured_media":1308,"template":"","meta":{"_kad_blocks_custom_css":"","_kad_blocks_head_custom_js":"","_kad_blocks_body_custom_js":"","_kad_blocks_footer_custom_js":"","_kadence_starter_templates_imported_post":false,"_kad_post_transparent":"default","_kad_post_title":"","_kad_post_layout":"default","_kad_post_sidebar_id":"","_kad_post_content_style":"default","_kad_post_vertical_padding":"default","_kad_post_feature":"","_kad_post_feature_position":"","_kad_post_header":false,"_kad_post_footer":false,"_kad_post_classname":"","jetpack_publicize_message":"","jetpack_publicize_feature_enabled":true,"jetpack_social_post_already_shared":false,"jetpack_social_options":{"image_generator_settings":{"template":"highway","default_image_id":0,"font":"","enabled":false},"version":2}},"product_brand":[],"product_cat":[15],"product_tag":[],"class_list":{"0":"post-1307","1":"product","2":"type-product","3":"status-publish","4":"has-post-thumbnail","6":"product_cat-pearl-strands","7":"pa_pearl-color-white-pearl","8":"pa_pearl-shape-round-pearl","9":"pa_pearl-size-2mm","10":"pa_pearl-size-3mm","11":"pa_pearl-type-freshwater-pearl","13":"first","14":"instock","15":"shipping-taxable","16":"product-type-simple","17":"entry","18":"content-bg","19":"loop-entry"},"jetpack_publicize_connections":[],"taxonomy_info":{"product_cat":[{"value":15,"label":"Pearl Strand"}],"pa_pearl-color":[{"value":66,"label":"White Pearl"}],"pa_pearl-shape":[{"value":68,"label":"Round Pearl"}],"pa_pearl-size":[{"value":74,"label":"2mm"},{"value":72,"label":"3mm"}],"pa_pearl-type":[{"value":69,"label":"Freshwater Pearl"}]},"featured_image_src_large":["https:\/\/www.pearlswholesaler.com\/wp-content\/uploads\/2024\/12\/211729494667_.pic_hd.jpg",1000,1000,false],"author_info":[],"comment_info":"","_links":{"self":[{"href":"https:\/\/www.pearlswholesaler.com\/de\/wp-json\/wp\/v2\/product\/1307","targetHints":{"allow":["GET"]}}],"collection":[{"href":"https:\/\/www.pearlswholesaler.com\/de\/wp-json\/wp\/v2\/product"}],"about":[{"href":"https:\/\/www.pearlswholesaler.com\/de\/wp-json\/wp\/v2\/types\/product"}],"wp:featuredmedia":[{"embeddable":true,"href":"https:\/\/www.pearlswholesaler.com\/de\/wp-json\/wp\/v2\/media\/1308"}],"wp:attachment":[{"href":"https:\/\/www.pearlswholesaler.com\/de\/wp-json\/wp\/v2\/media?parent=1307"}],"wp:term":[{"taxonomy":"product_brand","embeddable":true,"href":"https:\/\/www.pearlswholesaler.com\/de\/wp-json\/wp\/v2\/product_brand?post=1307"},{"taxonomy":"product_cat","embeddable":true,"href":"https:\/\/www.pearlswholesaler.com\/de\/wp-json\/wp\/v2\/product_cat?post=1307"},{"taxonomy":"product_tag","embeddable":true,"href":"https:\/\/www.pearlswholesaler.com\/de\/wp-json\/wp\/v2\/product_tag?post=1307"}],"curies":[{"name":"wp","href":"https:\/\/api.w.org\/{rel}","templated":true}]}}