{"id":1301,"date":"2024-12-01T10:46:42","date_gmt":"2024-12-01T10:46:42","guid":{"rendered":"https:\/\/pearlswholesaler.com\/?post_type=product&#038;p=1301"},"modified":"2024-12-15T12:28:27","modified_gmt":"2024-12-15T12:28:27","slug":"3-75-4mm-round-white-freshwater-pearl-necklace-47-inches-aaaa-grade","status":"publish","type":"product","link":"https:\/\/www.pearlswholesaler.com\/de\/product\/3-75-4mm-round-white-freshwater-pearl-necklace-47-inches-aaaa-grade\/","title":{"rendered":"3,75-4mm runde wei\u00dfe S\u00fc\u00dfwasserperlenkette, 47 Zoll, AAAA-Qualit\u00e4t"},"content":{"rendered":"<p>Eleganz trifft auf Raffinesse mit unserer 3,75-4mm runden wei\u00dfen S\u00fc\u00dfwasserperlenkette, ein wahrer Inbegriff zeitloser Sch\u00f6nheit. Dieses luxuri\u00f6se Schmuckst\u00fcck tr\u00e4gt die AAAA-Qualit\u00e4tsbewertung, die die h\u00f6chsten Standards in Glanz, Form und Oberfl\u00e4che garantiert, sodass jede Perle ein leuchtender Edelstein ist, der Licht mit unvergleichlicher Brillanz reflektiert.<\/p>\n<p><img loading=\"lazy\" decoding=\"async\" class=\"size-full wp-image-1302 aligncenter\" src=\"https:\/\/www.pearlswholesaler.com\/wp-content\/uploads\/2024\/12\/3.5-4120cm.webp\" alt=\"AAAA-Qualit\u00e4t 3,75-4mm wei\u00dfe S\u00fc\u00dfwasserperlenkette, 925 Silberverschluss, 47 Zoll\" width=\"1079\" height=\"854\" title=\"\" srcset=\"https:\/\/www.pearlswholesaler.com\/wp-content\/uploads\/2024\/12\/3.5-4120cm.webp 1079w, https:\/\/www.pearlswholesaler.com\/wp-content\/uploads\/2024\/12\/3.5-4120cm-300x237.webp 300w, https:\/\/www.pearlswholesaler.com\/wp-content\/uploads\/2024\/12\/3.5-4120cm-1024x810.webp 1024w, https:\/\/www.pearlswholesaler.com\/wp-content\/uploads\/2024\/12\/3.5-4120cm-768x608.webp 768w, https:\/\/www.pearlswholesaler.com\/wp-content\/uploads\/2024\/12\/3.5-4120cm-600x475.webp 600w\" sizes=\"auto, (max-width: 1079px) 100vw, 1079px\" \/><\/p>\n<p>Gefertigt mit einem 925 Silberverschluss, ist diese Kette nicht nur ein Ausdruck von Eleganz, sondern auch ein Beweis f\u00fcr Langlebigkeit und Qualit\u00e4t. Die L\u00e4nge von 47 Zoll bietet Vielseitigkeit, sodass sie lang getragen werden kann f\u00fcr einen klassischen Look oder doppelt f\u00fcr einen moderneren Stil. Ob f\u00fcr einen besonderen Anlass oder den Alltag, diese Kette verleiht jedem Outfit eine Note von Anmut und Raffinesse.<\/p>\n<p>Jede Perle wird sorgf\u00e4ltig ausgew\u00e4hlt und von Hand aufgef\u00e4delt, um Einheitlichkeit und Perfektion zu gew\u00e4hrleisten, was diese Kette zu einem gesch\u00e4tzten Accessoire f\u00fcr jeden Perlenliebhaber macht. Die AAAA-Qualit\u00e4tsbewertung garantiert, dass Sie eine Kette mit dem lebendigsten Glanz, nahezu perfekter Form und minimalen Oberfl\u00e4chenfehlern erhalten, sodass jede Perle mit dem Strahlen eines feinen Edelsteins leuchtet.<\/p>\n<p>G\u00f6nnen Sie sich selbst oder einem geliebten Menschen dieses exquisite Schmuckst\u00fcck, das \u00fcber Jahre hinweg gesch\u00e4tzt wird. Unsere 3,75-4mm runde wei\u00dfe S\u00fc\u00dfwasserperlenkette mit einem 925 Silberverschluss ist das perfekte Geschenk f\u00fcr jeden Anlass.<\/p>\n<ul>\n<li>Verpackung: Polybeutel \/ Schmuckbeutel \/ Schmuckschatulle<\/li>\n<li>Lieferzeit: 3-10 Werktage<\/li>\n<li>Versand: DHL\/Fedex\/UPS\/EMS<\/li>\n<li>Zahlungsbedingungen: Bank\u00fcberweisung PayPal\/ Western Union\/Alipay\/TT;<\/li>\n<li>Zahlungsbedingungen: EXW, FOB Shanghai; Der K\u00e4ufer ist f\u00fcr die Versandkosten verantwortlich<\/li>\n<\/ul>","protected":false},"excerpt":{"rendered":"<ul>\n<li><strong>Perlenqualit\u00e4t<\/strong>: AAAA-Qualit\u00e4t S\u00fc\u00dfwasserperlen<\/li>\n<li><strong>Perlengr\u00f6\u00dfe<\/strong>: 3,75-4mm<\/li>\n<li><strong>Perlenform<\/strong>: Runde<\/li>\n<li><strong>Perlenfarbe<\/strong>: Wei\u00df<\/li>\n<li><strong>L\u00e4nge<\/strong>: 47 Zoll<\/li>\n<li><strong>Verschluss<\/strong>\uff1a925 Silberverschluss<\/li>\n<\/ul>","protected":false},"featured_media":1302,"template":"","meta":{"_kad_blocks_custom_css":"","_kad_blocks_head_custom_js":"","_kad_blocks_body_custom_js":"","_kad_blocks_footer_custom_js":"","_kadence_starter_templates_imported_post":false,"_kad_post_transparent":"default","_kad_post_title":"","_kad_post_layout":"default","_kad_post_sidebar_id":"","_kad_post_content_style":"default","_kad_post_vertical_padding":"default","_kad_post_feature":"","_kad_post_feature_position":"","_kad_post_header":false,"_kad_post_footer":false,"_kad_post_classname":"","jetpack_publicize_message":"","jetpack_publicize_feature_enabled":true,"jetpack_social_post_already_shared":false,"jetpack_social_options":{"image_generator_settings":{"template":"highway","default_image_id":0,"font":"","enabled":false},"version":2}},"product_brand":[],"product_cat":[25],"product_tag":[],"class_list":{"0":"post-1301","1":"product","2":"type-product","3":"status-publish","4":"has-post-thumbnail","6":"product_cat-pearl-necklaces","7":"pa_pearl-color-white-pearl","8":"pa_pearl-shape-round-pearl","9":"pa_pearl-size-3mm","10":"pa_pearl-size-4mm","11":"pa_pearl-type-freshwater-pearl","13":"first","14":"instock","15":"shipping-taxable","16":"product-type-simple","17":"entry","18":"content-bg","19":"loop-entry"},"jetpack_publicize_connections":[],"taxonomy_info":{"product_cat":[{"value":25,"label":"Pearl Necklace"}],"pa_pearl-color":[{"value":66,"label":"White Pearl"}],"pa_pearl-shape":[{"value":68,"label":"Round Pearl"}],"pa_pearl-size":[{"value":72,"label":"3mm"},{"value":73,"label":"4mm"}],"pa_pearl-type":[{"value":69,"label":"Freshwater Pearl"}]},"featured_image_src_large":["https:\/\/www.pearlswholesaler.com\/wp-content\/uploads\/2024\/12\/3.5-4120cm-1024x810.webp",1024,810,true],"author_info":[],"comment_info":"","_links":{"self":[{"href":"https:\/\/www.pearlswholesaler.com\/de\/wp-json\/wp\/v2\/product\/1301","targetHints":{"allow":["GET"]}}],"collection":[{"href":"https:\/\/www.pearlswholesaler.com\/de\/wp-json\/wp\/v2\/product"}],"about":[{"href":"https:\/\/www.pearlswholesaler.com\/de\/wp-json\/wp\/v2\/types\/product"}],"wp:featuredmedia":[{"embeddable":true,"href":"https:\/\/www.pearlswholesaler.com\/de\/wp-json\/wp\/v2\/media\/1302"}],"wp:attachment":[{"href":"https:\/\/www.pearlswholesaler.com\/de\/wp-json\/wp\/v2\/media?parent=1301"}],"wp:term":[{"taxonomy":"product_brand","embeddable":true,"href":"https:\/\/www.pearlswholesaler.com\/de\/wp-json\/wp\/v2\/product_brand?post=1301"},{"taxonomy":"product_cat","embeddable":true,"href":"https:\/\/www.pearlswholesaler.com\/de\/wp-json\/wp\/v2\/product_cat?post=1301"},{"taxonomy":"product_tag","embeddable":true,"href":"https:\/\/www.pearlswholesaler.com\/de\/wp-json\/wp\/v2\/product_tag?post=1301"}],"curies":[{"name":"wp","href":"https:\/\/api.w.org\/{rel}","templated":true}]}}