{"id":1223,"date":"2024-12-01T06:56:32","date_gmt":"2024-12-01T06:56:32","guid":{"rendered":"https:\/\/pearlswholesaler.com\/?post_type=product&#038;p=1223"},"modified":"2025-10-02T23:19:33","modified_gmt":"2025-10-02T23:19:33","slug":"wholesale-47-inches-pearl-necklace-aaa-quality","status":"publish","type":"product","link":"https:\/\/www.pearlswholesaler.com\/de\/product\/wholesale-47-inches-pearl-necklace-aaa-quality\/","title":{"rendered":"Wei\u00dfes runde S\u00fc\u00dfwasser-Perlenkette, 47 Zoll, AAA-Qualit\u00e4t, 7-8mm"},"content":{"rendered":"<p>Erleben Sie luxuri\u00f6sen Stil mit 7-8mm wei\u00dfen runden S\u00fc\u00dfwasserperlen AAA-Qualit\u00e4t, 7-8mm wei\u00dfe runde S\u00fc\u00dfwasserperlen-Kollektion. Wir lieben dieses sch\u00f6ne Design sehr, mit einer gro\u00dfen Auswahl an Perlen, die alle absolut makellos im \u00c4u\u00dferen erscheinen und so gl\u00e4nzen, dass Sie auf klassische Sch\u00f6nheit vertrauen k\u00f6nnen. Dieses atemberaubende St\u00fcck ist eine 47 Zoll lange Perlenkette, die jedes Outfit aufwertet.<\/p>\n<p>Diese Perlen haben eine Gr\u00f6\u00dfe zwischen 7-8mm und sind genau die richtige Menge, um Eindruck zu machen, ohne Ihren Look zu dominieren. Sie sind subtil, aber nicht zu subtil.<\/p>\n<p><img loading=\"lazy\" decoding=\"async\" class=\"size-full wp-image-1224 aligncenter\" src=\"https:\/\/www.pearlswholesaler.com\/wp-content\/uploads\/2024\/12\/120cm.webp\" alt=\"AAA-Qualit\u00e4ts-7-8mm wei\u00dfe runde S\u00fc\u00dfwasser-Perlenkette, Kupferverschluss, 47 Zoll\" width=\"1080\" height=\"1735\" title=\"\" srcset=\"https:\/\/www.pearlswholesaler.com\/wp-content\/uploads\/2024\/12\/120cm.webp 1080w, https:\/\/www.pearlswholesaler.com\/wp-content\/uploads\/2024\/12\/120cm-187x300.webp 187w, https:\/\/www.pearlswholesaler.com\/wp-content\/uploads\/2024\/12\/120cm-637x1024.webp 637w, https:\/\/www.pearlswholesaler.com\/wp-content\/uploads\/2024\/12\/120cm-768x1234.webp 768w, https:\/\/www.pearlswholesaler.com\/wp-content\/uploads\/2024\/12\/120cm-956x1536.webp 956w, https:\/\/www.pearlswholesaler.com\/wp-content\/uploads\/2024\/12\/120cm-600x964.webp 600w\" sizes=\"auto, (max-width: 1080px) 100vw, 1080px\" \/><\/p>\n<p>Mit ihrer Vielseitigkeit und Eleganz ist diese beeindruckende 47-Zoll-Perlenkette ideal f\u00fcr formelle und informelle Anl\u00e4sse.<\/p>\n<p>Form: Runde Perle Das klassische Verlangen nach Perlen, die Perfektion und Balance repr\u00e4sentieren (psst\u2026 Ich wei\u00df, was Sie denken).<\/p>\n<p>Verschlussprozess: Posiert und zusammengehalten mit einem robusten Kupferverschluss, der so lange h\u00e4lt, wie es das Leben erfordert.<\/p>\n<p>Die wirklich gro\u00dfe Perle erreicht eine perfekte L\u00e4nge \u2013 genau 47 Zoll \u2013 diese Kette wird einen gro\u00dfen Unterschied machen (Stil von einzelner Schleife bis zu mehreren Umwicklungen).<\/p>\n<p>Dies ist ein Beweis daf\u00fcr, wie Perlen aussehen, wenn sie sorgf\u00e4ltig aufgef\u00e4delt und geknotet werden, um Fransen zu vermeiden und die individuelle Sch\u00f6nheit zu bewahren, so wie sie ist.<\/p>\n<p>Egal, ob Sie sie f\u00fcr ein Alltagsst\u00fcck verwenden oder Ihr Outfit aufpeppen, z.B. jederzeit, weil sie das perfekte Accessoire ist \u2013 so elegant, dass sie ein elegantes Geschenk oder eine sch\u00f6ne \u00dcberraschung von Ihren Liebsten ist.<\/p>\n<p>Halten Sie Ihre Perlen atemberaubend, indem Sie sie in einem weichen Beutel aufbewahren, fern von direktem Sonnenlicht und Chemikalien wie Parfums und Kosmetika, die Sie ber\u00fchrt haben. Regelm\u00e4\u00dfige Reinigung mit einem weichen, feuchten Tuch hilft, sie so nat\u00fcrlich wie m\u00f6glich aussehen zu lassen.<\/p>\n<ul>\n<li>Verpackung: Polybeutel \/ Schmuckbeutel \/ Schmuckschatulle<\/li>\n<li>Lieferzeit: 3-10 Werktage<\/li>\n<li>Versand: DHL\/Fedex\/UPS\/EMS<\/li>\n<li>Zahlungsbedingungen: Bank\u00fcberweisung PayPal\/ Western Union\/Alipay\/TT;<\/li>\n<li>Zahlungsbedingungen: EXW, FOB Shanghai; Der K\u00e4ufer ist f\u00fcr die Versandkosten verantwortlich<\/li>\n<\/ul>","protected":false},"excerpt":{"rendered":"<ul>\n<li><strong>Perlenqualit\u00e4t<\/strong>: AAA-Qualit\u00e4t S\u00fc\u00dfwasserperlen<\/li>\n<li><strong>Perlengr\u00f6\u00dfe<\/strong>: 5-6mm<\/li>\n<li><strong>Perlenform<\/strong>: Runde<\/li>\n<li><strong>Perlenfarbe<\/strong>: Wei\u00df<\/li>\n<li><strong>L\u00e4nge<\/strong>: 47 Zoll<\/li>\n<li><strong>Verschluss<\/strong>\uff1aKupferverschluss<\/li>\n<\/ul>","protected":false},"featured_media":1224,"template":"","meta":{"_kad_blocks_custom_css":"","_kad_blocks_head_custom_js":"","_kad_blocks_body_custom_js":"","_kad_blocks_footer_custom_js":"","_kadence_starter_templates_imported_post":false,"_kad_post_transparent":"default","_kad_post_title":"","_kad_post_layout":"default","_kad_post_sidebar_id":"","_kad_post_content_style":"default","_kad_post_vertical_padding":"default","_kad_post_feature":"","_kad_post_feature_position":"","_kad_post_header":false,"_kad_post_footer":false,"_kad_post_classname":"","jetpack_publicize_message":"","jetpack_publicize_feature_enabled":true,"jetpack_social_post_already_shared":false,"jetpack_social_options":{"image_generator_settings":{"template":"highway","default_image_id":0,"font":"","enabled":false},"version":2}},"product_brand":[],"product_cat":[25],"product_tag":[108,134,26,27],"class_list":{"0":"post-1223","1":"product","2":"type-product","3":"status-publish","4":"has-post-thumbnail","6":"product_cat-pearl-necklaces","7":"product_tag-aaa-pearl","8":"product_tag-knotted-pearl-necklace","9":"product_tag-round-pearl","10":"product_tag-white-pearl","11":"pa_pearl-color-white-pearl","12":"pa_pearl-shape-round-pearl","13":"pa_pearl-size-7mm","14":"pa_pearl-size-8mm","15":"pa_pearl-type-freshwater-pearl","17":"first","18":"instock","19":"shipping-taxable","20":"product-type-simple","21":"entry","22":"content-bg","23":"loop-entry"},"jetpack_publicize_connections":[],"taxonomy_info":{"product_cat":[{"value":25,"label":"Pearl Necklace"}],"product_tag":[{"value":108,"label":"AAA pearl"},{"value":134,"label":"knotted pearl necklace"},{"value":26,"label":"round pearl"},{"value":27,"label":"white pearl"}],"pa_pearl-color":[{"value":66,"label":"White Pearl"}],"pa_pearl-shape":[{"value":68,"label":"Round Pearl"}],"pa_pearl-size":[{"value":70,"label":"7mm"},{"value":71,"label":"8mm"}],"pa_pearl-type":[{"value":69,"label":"Freshwater Pearl"}]},"featured_image_src_large":["https:\/\/www.pearlswholesaler.com\/wp-content\/uploads\/2024\/12\/120cm-637x1024.webp",637,1024,true],"author_info":[],"comment_info":"","_links":{"self":[{"href":"https:\/\/www.pearlswholesaler.com\/de\/wp-json\/wp\/v2\/product\/1223","targetHints":{"allow":["GET"]}}],"collection":[{"href":"https:\/\/www.pearlswholesaler.com\/de\/wp-json\/wp\/v2\/product"}],"about":[{"href":"https:\/\/www.pearlswholesaler.com\/de\/wp-json\/wp\/v2\/types\/product"}],"wp:featuredmedia":[{"embeddable":true,"href":"https:\/\/www.pearlswholesaler.com\/de\/wp-json\/wp\/v2\/media\/1224"}],"wp:attachment":[{"href":"https:\/\/www.pearlswholesaler.com\/de\/wp-json\/wp\/v2\/media?parent=1223"}],"wp:term":[{"taxonomy":"product_brand","embeddable":true,"href":"https:\/\/www.pearlswholesaler.com\/de\/wp-json\/wp\/v2\/product_brand?post=1223"},{"taxonomy":"product_cat","embeddable":true,"href":"https:\/\/www.pearlswholesaler.com\/de\/wp-json\/wp\/v2\/product_cat?post=1223"},{"taxonomy":"product_tag","embeddable":true,"href":"https:\/\/www.pearlswholesaler.com\/de\/wp-json\/wp\/v2\/product_tag?post=1223"}],"curies":[{"name":"wp","href":"https:\/\/api.w.org\/{rel}","templated":true}]}}