{"id":926,"date":"2024-11-25T06:01:53","date_gmt":"2024-11-25T06:01:53","guid":{"rendered":"https:\/\/pearlswholesaler.com\/?page_id=926"},"modified":"2024-12-10T03:21:38","modified_gmt":"2024-12-10T03:21:38","slug":"privacy-policy","status":"publish","type":"page","link":"https:\/\/www.pearlswholesaler.com\/de\/privacy-policy\/","title":{"rendered":"Datenschutzrichtlinie"},"content":{"rendered":"<p><strong>Datenschutz ist uns bei der Changzhou Xinye Pearl Crafts Factory wichtig<\/strong><\/p>\n\n\n\n<p>Wir verstehen, dass Datenschutz in der heutigen digitalen \u00c4ra ein entscheidendes Anliegen ist, und wir verpflichten uns, sicherzustellen, dass Ihre Interaktion mit Changzhou Xinye Pearl Crafts Factory sowohl angenehm als auch sicher ist. Wir sch\u00e4tzen Ihre personenbezogenen Daten und sind bestrebt, diese zu sch\u00fctzen.<\/p>\n\n\n\n<p><strong>\u00dcbersicht \u00fcber die Verarbeitung personenbezogener Daten<\/strong><\/p>\n\n\n\n<p>Hier finden Sie eine umfassende \u00dcbersicht dar\u00fcber, wie wir Ihre personenbezogenen Daten behandeln, zu welchen Zwecken sie verarbeitet werden und welchen Nutzen Sie daraus ziehen. Wir skizzieren auch Ihre Rechte und wie Sie mit uns in Kontakt treten k\u00f6nnen.<\/p>\n\n\n\n<p><strong>Aktualisierungen dieser Datenschutzerkl\u00e4rung<\/strong><\/p>\n\n\n\n<p>Da sich unser Gesch\u00e4fts- und Technologiebereich weiterentwickelt, kann es notwendig sein, diese Datenschutzerkl\u00e4rung zu aktualisieren. Wir empfehlen Ihnen, sie regelm\u00e4\u00dfig zu \u00fcberpr\u00fcfen, um informiert zu bleiben, wie Changzhou Xinye Pearl Crafts Factory Ihre personenbezogenen Daten verwendet.<\/p>\n\n\n\n<p><strong>Unter 13 Jahre alt?<\/strong><\/p>\n\n\n\n<p>Wenn Sie unter 13 Jahre alt sind, bitten wir Sie, bis zu einem \u00e4lteren Alter zu warten, um mit uns in Kontakt zu treten, oder lassen Sie einen Elternteil oder Erziehungsberechtigten in Ihrem Namen Kontakt mit uns aufnehmen. Wir k\u00f6nnen Ihre personenbezogenen Daten ohne deren Zustimmung nicht sammeln und verwenden.<\/p>\n\n\n\n<p><strong>Warum verarbeiten wir Ihre personenbezogenen Daten?<\/strong><\/p>\n\n\n\n<p>Wir verarbeiten Ihre personenbezogenen Daten, einschlie\u00dflich aller sensiblen pers\u00f6nlichen Daten, die Sie bereitstellen, mit Ihrer Zustimmung, um mit Ihnen zu kommunizieren, Ihre Bestellungen zu erf\u00fcllen, Anfragen zu beantworten und Informationen \u00fcber Changzhou Xinye Pearl Crafts Factory und unsere Produkte bereitzustellen. Wir verarbeiten Ihre personenbezogenen Daten auch, um gesetzlichen Verpflichtungen nachzukommen, Teile unseres Gesch\u00e4fts zu verkaufen oder zu \u00fcbertragen, unsere Systeme und Finanzen zu verwalten, Untersuchungen durchzuf\u00fchren und rechtliche Rechte auszu\u00fcben. Wir kombinieren Ihre personenbezogenen Daten aus verschiedenen Quellen, um Sie besser zu verstehen und Ihre Erfahrung bei der Interaktion mit uns zu verbessern.<\/p>\n\n\n\n<p><strong>Wer kann auf Ihre personenbezogenen Daten zugreifen und warum?<\/strong><\/p>\n\n\n\n<p>Wir beschr\u00e4nken die Offenlegung Ihrer personenbezogenen Daten gegen\u00fcber anderen, k\u00f6nnen sie jedoch in bestimmten F\u00e4llen offenlegen, haupts\u00e4chlich an:<\/p>\n\n\n\n<ul class=\"wp-block-list\">\n<li>Unternehmen innerhalb von Changzhou Xinye Pearl Crafts Factory, sofern dies f\u00fcr unsere berechtigten Interessen erforderlich ist oder mit Ihrer Zustimmung;<\/li>\n\n\n\n<li>Dritte, die beauftragt sind, Dienstleistungen wie die Verwaltung unserer Websites, Anwendungen und Dienste bereitzustellen, unter entsprechenden Schutzma\u00dfnahmen;<\/li>\n\n\n\n<li>Kreditpr\u00fcfungsagenturen\/Inkassob\u00fcros, sofern gesetzlich erlaubt und bei Bedarf zur \u00dcberpr\u00fcfung der Kreditw\u00fcrdigkeit oder zum Einziehen ausstehender Rechnungen;<\/li>\n\n\n\n<li>Relevante \u00f6ffentliche Beh\u00f6rden und Stellen, sofern gesetzlich vorgeschrieben oder f\u00fcr berechtigte Gesch\u00e4ftsinteressen.<\/li>\n<\/ul>\n\n\n\n<p><strong>Datensicherheit und Aufbewahrung<\/strong><\/p>\n\n\n\n<p>Wir setzen eine Vielzahl von Ma\u00dfnahmen ein, um Ihre personenbezogenen Daten vertraulich und sicher zu halten, einschlie\u00dflich der Beschr\u00e4nkung des Zugriffs auf das Notwendige und der Einhaltung von Sicherheitsstandards zum Schutz Ihrer Daten.<\/p>\n\n\n\n<p>Wir ergreifen alle angemessenen Schritte, um sicherzustellen, dass Ihre personenbezogenen Daten nur f\u00fcr den minimal notwendigen Zeitraum im Zusammenhang mit den in dieser Datenschutzerkl\u00e4rung dargelegten Zwecken, zus\u00e4tzlichen Ihnen mitgeteilten Zwecken oder gesetzlich vorgeschrieben verarbeitet werden. Sobald Ihre personenbezogenen Daten nicht mehr ben\u00f6tigt werden, werden wir sie sicher vernichten oder l\u00f6schen.<\/p>\n\n\n\n<p><strong>Kontaktieren Sie uns<\/strong><\/p>\n\n\n\n<p>Changzhou Xinye Pearl Crafts Factory fungiert als der \u201eVerantwortliche\u201c f\u00fcr Ihre personenbezogenen Daten, die im Rahmen dieser Datenschutzerkl\u00e4rung oder in Verbindung damit verarbeitet werden. Wenn Sie Fragen oder Anmerkungen zu dieser Datenschutzerkl\u00e4rung oder zu unserer Sammlung und Verarbeitung Ihrer personenbezogenen Daten haben, kontaktieren Sie uns bitte oder senden Sie eine E-Mail an info@changzhouxinye.com.<\/p>\n\n\n\n<p>Changzhou Xinye Perlenkunststofffabrik<\/p>\n\n\n\n<p>Nr. 510, Daqiaotou Chaoyang Dorf, Hengshanqiao Stadt, Wirtschafts-Entwicklungsbezirk<br>Stadt Changzhou, Provinz Jiangsu, Deutschland<\/p>","protected":false},"excerpt":{"rendered":"<p>Datenschutz ist uns bei Changzhou Xinye Pearl Crafts Factory wichtig. Wir verstehen, dass Datenschutz in der heutigen digitalen \u00c4ra ein zentrales Anliegen ist, und verpflichten uns, sicherzustellen, dass Ihre Interaktion mit Changzhou Xinye Pearl Crafts Factory sowohl angenehm als auch sicher ist. Wir sch\u00e4tzen Ihre pers\u00f6nlichen Daten und setzen alles daran, sie zu sch\u00fctzen. \u00dcberblick \u00fcber pers\u00f6nliche\u2026<\/p>","protected":false},"author":1,"featured_media":0,"parent":0,"menu_order":0,"comment_status":"closed","ping_status":"closed","template":"","meta":{"_kad_blocks_custom_css":"","_kad_blocks_head_custom_js":"","_kad_blocks_body_custom_js":"","_kad_blocks_footer_custom_js":"","_kadence_starter_templates_imported_post":false,"_kad_post_transparent":"","_kad_post_title":"","_kad_post_layout":"","_kad_post_sidebar_id":"","_kad_post_content_style":"","_kad_post_vertical_padding":"","_kad_post_feature":"","_kad_post_feature_position":"","_kad_post_header":false,"_kad_post_footer":false,"_kad_post_classname":"","footnotes":""},"class_list":["post-926","page","type-page","status-publish","hentry"],"taxonomy_info":[],"featured_image_src_large":false,"author_info":{"display_name":"Xinye Pearl","author_link":"https:\/\/www.pearlswholesaler.com\/de\/author\/ameliagaojungooglemail-com\/"},"comment_info":0,"_links":{"self":[{"href":"https:\/\/www.pearlswholesaler.com\/de\/wp-json\/wp\/v2\/pages\/926","targetHints":{"allow":["GET"]}}],"collection":[{"href":"https:\/\/www.pearlswholesaler.com\/de\/wp-json\/wp\/v2\/pages"}],"about":[{"href":"https:\/\/www.pearlswholesaler.com\/de\/wp-json\/wp\/v2\/types\/page"}],"author":[{"embeddable":true,"href":"https:\/\/www.pearlswholesaler.com\/de\/wp-json\/wp\/v2\/users\/1"}],"replies":[{"embeddable":true,"href":"https:\/\/www.pearlswholesaler.com\/de\/wp-json\/wp\/v2\/comments?post=926"}],"version-history":[{"count":0,"href":"https:\/\/www.pearlswholesaler.com\/de\/wp-json\/wp\/v2\/pages\/926\/revisions"}],"wp:attachment":[{"href":"https:\/\/www.pearlswholesaler.com\/de\/wp-json\/wp\/v2\/media?parent=926"}],"curies":[{"name":"wp","href":"https:\/\/api.w.org\/{rel}","templated":true}]}}